{"id":64,"date":"2023-07-28T15:14:21","date_gmt":"2023-07-28T18:14:21","guid":{"rendered":"https:\/\/xn--cibeleyacydanascircularessagradas-p4c.com\/?page_id=64"},"modified":"2023-10-02T19:31:54","modified_gmt":"2023-10-02T22:31:54","slug":"dancas-circulares-sagradas","status":"publish","type":"page","link":"https:\/\/xn--cibeleyacydanascircularessagradas-p4c.com\/index.php\/dancas-circulares-sagradas\/","title":{"rendered":"Dan\u00e7as Circulares Sagradas"},"content":{"rendered":"\t\t<div data-elementor-type=\"wp-page\" data-elementor-id=\"64\" class=\"elementor elementor-64\">\n\t\t\t\t\t\t\t\t\t<section class=\"elementor-section elementor-top-section elementor-element elementor-element-19b67b8 elementor-section-boxed elementor-section-height-default elementor-section-height-default\" data-id=\"19b67b8\" data-element_type=\"section\">\n\t\t\t\t\t\t<div class=\"elementor-container elementor-column-gap-default\">\n\t\t\t\t\t<div class=\"elementor-column elementor-col-100 elementor-top-column elementor-element elementor-element-3c95f94\" data-id=\"3c95f94\" data-element_type=\"column\">\n\t\t\t<div class=\"elementor-widget-wrap elementor-element-populated\">\n\t\t\t\t\t\t\t\t<div class=\"elementor-element elementor-element-eb080ac elementor-widget elementor-widget-image\" data-id=\"eb080ac\" data-element_type=\"widget\" data-widget_type=\"image.default\">\n\t\t\t\t<div class=\"elementor-widget-container\">\n\t\t\t<style>\/*! elementor - v3.18.0 - 20-12-2023 *\/\n.elementor-widget-image{text-align:center}.elementor-widget-image a{display:inline-block}.elementor-widget-image a img[src$=\".svg\"]{width:48px}.elementor-widget-image img{vertical-align:middle;display:inline-block}<\/style>\t\t\t\t\t\t\t\t\t\t\t\t<img fetchpriority=\"high\" decoding=\"async\" width=\"768\" height=\"576\" src=\"https:\/\/xn--cibeleyacydanascircularessagradas-p4c.com\/wp-content\/uploads\/2023\/08\/IMG_20230128_205337282-3-768x576.jpg\" class=\"attachment-medium_large size-medium_large wp-image-885\" alt=\"\" srcset=\"https:\/\/xn--cibeleyacydanascircularessagradas-p4c.com\/wp-content\/uploads\/2023\/08\/IMG_20230128_205337282-3-768x576.jpg 768w, https:\/\/xn--cibeleyacydanascircularessagradas-p4c.com\/wp-content\/uploads\/2023\/08\/IMG_20230128_205337282-3-300x225.jpg 300w, https:\/\/xn--cibeleyacydanascircularessagradas-p4c.com\/wp-content\/uploads\/2023\/08\/IMG_20230128_205337282-3-1024x768.jpg 1024w, https:\/\/xn--cibeleyacydanascircularessagradas-p4c.com\/wp-content\/uploads\/2023\/08\/IMG_20230128_205337282-3-1536x1152.jpg 1536w, https:\/\/xn--cibeleyacydanascircularessagradas-p4c.com\/wp-content\/uploads\/2023\/08\/IMG_20230128_205337282-3-2048x1536.jpg 2048w\" sizes=\"(max-width: 768px) 100vw, 768px\" \/>\t\t\t\t\t\t\t\t\t\t\t\t\t\t\t<\/div>\n\t\t\t\t<\/div>\n\t\t\t\t\t<\/div>\n\t\t<\/div>\n\t\t\t\t\t\t\t<\/div>\n\t\t<\/section>\n\t\t\t\t<section class=\"elementor-section elementor-top-section elementor-element elementor-element-07e43da elementor-section-boxed elementor-section-height-default elementor-section-height-default\" data-id=\"07e43da\" data-element_type=\"section\">\n\t\t\t\t\t\t<div class=\"elementor-container elementor-column-gap-default\">\n\t\t\t\t\t<div class=\"elementor-column elementor-col-100 elementor-top-column elementor-element elementor-element-2432231\" data-id=\"2432231\" data-element_type=\"column\">\n\t\t\t<div class=\"elementor-widget-wrap elementor-element-populated\">\n\t\t\t\t\t\t\t\t<div class=\"elementor-element elementor-element-75658d8 elementor-widget elementor-widget-text-editor\" data-id=\"75658d8\" data-element_type=\"widget\" data-widget_type=\"text-editor.default\">\n\t\t\t\t<div class=\"elementor-widget-container\">\n\t\t\t<style>\/*! elementor - v3.18.0 - 20-12-2023 *\/\n.elementor-widget-text-editor.elementor-drop-cap-view-stacked .elementor-drop-cap{background-color:#69727d;color:#fff}.elementor-widget-text-editor.elementor-drop-cap-view-framed .elementor-drop-cap{color:#69727d;border:3px solid;background-color:transparent}.elementor-widget-text-editor:not(.elementor-drop-cap-view-default) .elementor-drop-cap{margin-top:8px}.elementor-widget-text-editor:not(.elementor-drop-cap-view-default) .elementor-drop-cap-letter{width:1em;height:1em}.elementor-widget-text-editor .elementor-drop-cap{float:left;text-align:center;line-height:1;font-size:50px}.elementor-widget-text-editor .elementor-drop-cap-letter{display:inline-block}<\/style>\t\t\t\t<p>A Atividade de Dan\u00e7as Circulares Sagradas, Dan\u00e7as Circulares&nbsp;ou Dan\u00e7as dos Povos est\u00e1 contemplada dentro das Pr\u00e1ticas&nbsp;Integrativas e Complementares no Sistema \u00danico de Sa\u00fade,&nbsp;sendo seu reconhecimento e incorpora\u00e7\u00e3o incentivado pela Organiza\u00e7\u00e3o Mundial da Sa\u00fade (OMS).<\/p>\n<p>No dia 21 de maio de 2020, o Conselho Nacional de Sa\u00fade recomendou a\u00e7\u00f5es sobre o uso das Pr\u00e1ticas Integrativas e Complementares como auxiliar no combate ao Covid-19.<\/p>\n<p><span style=\"font-style: inherit; font-weight: inherit;\">&#8220;As dan\u00e7as circulares criam espa\u00e7os significativos para o desenvolvimento de estados emocionais positivos, tornando-se um recurso importante no contexto de grupos, uma vez que estimulam a coopera\u00e7\u00e3o, despertam o respeito ao outro, a integra\u00e7\u00e3o, a inclus\u00e3o e o acolhimento \u00e0s diversidades. A pr\u00e1tica tem o potencial mobilizador da express\u00e3o de afetos e de reflex\u00f5es que resultam na amplia\u00e7\u00e3o da consci\u00eancia das pessoas.<\/span><\/p>\n<p><span style=\"font-style: inherit; font-weight: inherit;\">No c\u00edrculo trabalha-se o equil\u00edbrio entre o indiv\u00edduo e o coletivo, o sentimento de pertin\u00eancia e do prazer pela participa\u00e7\u00e3o plena os processos internos de transforma\u00e7\u00e3o, promovendo o bem-estar, a harmonia entre corpo-mente-esp\u00edrito, a eleva\u00e7\u00e3o da autoestima, a consci\u00eancia corporal, entre outros benef\u00edcios&#8221;<\/span><\/p>\n<p><br><\/p>\n<p>Minist\u00e9rio da Sa\u00fade Gabinete do Ministro<br>PORTARIA No 849, DE 27 DE MAR\u00c7O DE 2017<\/p>\t\t\t\t\t\t<\/div>\n\t\t\t\t<\/div>\n\t\t\t\t\t<\/div>\n\t\t<\/div>\n\t\t\t\t\t\t\t<\/div>\n\t\t<\/section>\n\t\t\t\t<section class=\"elementor-section elementor-top-section elementor-element elementor-element-4412c06 elementor-section-boxed elementor-section-height-default elementor-section-height-default\" data-id=\"4412c06\" data-element_type=\"section\">\n\t\t\t\t\t\t<div class=\"elementor-container elementor-column-gap-default\">\n\t\t\t\t\t<div class=\"elementor-column elementor-col-100 elementor-top-column elementor-element elementor-element-883c981\" data-id=\"883c981\" data-element_type=\"column\">\n\t\t\t<div class=\"elementor-widget-wrap\">\n\t\t\t\t\t\t\t\t\t<\/div>\n\t\t<\/div>\n\t\t\t\t\t\t\t<\/div>\n\t\t<\/section>\n\t\t\t\t<section class=\"elementor-section elementor-top-section elementor-element elementor-element-68150b1 elementor-section-boxed elementor-section-height-default elementor-section-height-default\" data-id=\"68150b1\" data-element_type=\"section\">\n\t\t\t\t\t\t<div class=\"elementor-container elementor-column-gap-default\">\n\t\t\t\t\t<div class=\"elementor-column elementor-col-100 elementor-top-column elementor-element elementor-element-a630d5f\" data-id=\"a630d5f\" data-element_type=\"column\">\n\t\t\t<div class=\"elementor-widget-wrap elementor-element-populated\">\n\t\t\t\t\t\t\t\t<div class=\"elementor-element elementor-element-5c90ed1 elementor-widget elementor-widget-image\" data-id=\"5c90ed1\" data-element_type=\"widget\" data-widget_type=\"image.default\">\n\t\t\t\t<div class=\"elementor-widget-container\">\n\t\t\t\t\t\t\t\t\t\t\t\t\t\t\t<img decoding=\"async\" width=\"665\" height=\"479\" src=\"https:\/\/xn--cibeleyacydanascircularessagradas-p4c.com\/wp-content\/uploads\/2023\/09\/vidasimples.png\" class=\"attachment-large size-large wp-image-923\" alt=\"\" srcset=\"https:\/\/xn--cibeleyacydanascircularessagradas-p4c.com\/wp-content\/uploads\/2023\/09\/vidasimples.png 665w, https:\/\/xn--cibeleyacydanascircularessagradas-p4c.com\/wp-content\/uploads\/2023\/09\/vidasimples-300x216.png 300w\" sizes=\"(max-width: 665px) 100vw, 665px\" \/>\t\t\t\t\t\t\t\t\t\t\t\t\t\t\t<\/div>\n\t\t\t\t<\/div>\n\t\t\t\t\t<\/div>\n\t\t<\/div>\n\t\t\t\t\t\t\t<\/div>\n\t\t<\/section>\n\t\t\t\t<section class=\"elementor-section elementor-top-section elementor-element elementor-element-241608e elementor-section-boxed elementor-section-height-default elementor-section-height-default\" data-id=\"241608e\" data-element_type=\"section\">\n\t\t\t\t\t\t<div class=\"elementor-container elementor-column-gap-default\">\n\t\t\t\t\t<div class=\"elementor-column elementor-col-100 elementor-top-column elementor-element elementor-element-9496fc2\" data-id=\"9496fc2\" data-element_type=\"column\">\n\t\t\t<div class=\"elementor-widget-wrap elementor-element-populated\">\n\t\t\t\t\t\t\t\t<div class=\"elementor-element elementor-element-48dc615 elementor-widget elementor-widget-text-editor\" data-id=\"48dc615\" data-element_type=\"widget\" data-widget_type=\"text-editor.default\">\n\t\t\t\t<div class=\"elementor-widget-container\">\n\t\t\t\t\t\t\t<p>CLIQUE NO LINK PARA VER O TEXTO COMPLETO:\u00a0<\/p><p><a href=\"https:\/\/vidasimples.co\/colunista\/o-que-aprendi-em-um-retiro-de-dancas-circulares\/\">https:\/\/vidasimples.co\/colunista\/o-que-aprendi-em-um-retiro-de-dancas-circulares\/<\/a><\/p>\t\t\t\t\t\t<\/div>\n\t\t\t\t<\/div>\n\t\t\t\t\t<\/div>\n\t\t<\/div>\n\t\t\t\t\t\t\t<\/div>\n\t\t<\/section>\n\t\t\t\t\t\t\t<\/div>\n\t\t","protected":false},"excerpt":{"rendered":"<p>A Atividade de Dan\u00e7as Circulares Sagradas, Dan\u00e7as Circulares&nbsp;ou Dan\u00e7as dos Povos est\u00e1 contemplada dentro das Pr\u00e1ticas&nbsp;Integrativas e Complementares no Sistema \u00danico de Sa\u00fade,&nbsp;sendo seu reconhecimento e incorpora\u00e7\u00e3o incentivado pela Organiza\u00e7\u00e3o Mundial da Sa\u00fade (OMS). No dia 21 de maio de 2020, o Conselho Nacional de Sa\u00fade recomendou a\u00e7\u00f5es sobre o uso das Pr\u00e1ticas Integrativas e &hellip;<\/p>\n<p class=\"read-more\"> <a class=\"\" href=\"https:\/\/xn--cibeleyacydanascircularessagradas-p4c.com\/index.php\/dancas-circulares-sagradas\/\"> <span class=\"screen-reader-text\">Dan\u00e7as Circulares Sagradas<\/span> Read More &raquo;<\/a><\/p>\n","protected":false},"author":1,"featured_media":0,"parent":0,"menu_order":0,"comment_status":"closed","ping_status":"closed","template":"","meta":{"site-sidebar-layout":"no-sidebar","site-content-layout":"page-builder","ast-global-header-display":"","ast-banner-title-visibility":"","ast-main-header-display":"","ast-hfb-above-header-display":"","ast-hfb-below-header-display":"","ast-hfb-mobile-header-display":"","site-post-title":"disabled","ast-breadcrumbs-content":"","ast-featured-img":"disabled","footer-sml-layout":"","theme-transparent-header-meta":"","adv-header-id-meta":"","stick-header-meta":"","header-above-stick-meta":"","header-main-stick-meta":"","header-below-stick-meta":"","footnotes":""},"_links":{"self":[{"href":"https:\/\/xn--cibeleyacydanascircularessagradas-p4c.com\/index.php\/wp-json\/wp\/v2\/pages\/64"}],"collection":[{"href":"https:\/\/xn--cibeleyacydanascircularessagradas-p4c.com\/index.php\/wp-json\/wp\/v2\/pages"}],"about":[{"href":"https:\/\/xn--cibeleyacydanascircularessagradas-p4c.com\/index.php\/wp-json\/wp\/v2\/types\/page"}],"author":[{"embeddable":true,"href":"https:\/\/xn--cibeleyacydanascircularessagradas-p4c.com\/index.php\/wp-json\/wp\/v2\/users\/1"}],"replies":[{"embeddable":true,"href":"https:\/\/xn--cibeleyacydanascircularessagradas-p4c.com\/index.php\/wp-json\/wp\/v2\/comments?post=64"}],"version-history":[{"count":17,"href":"https:\/\/xn--cibeleyacydanascircularessagradas-p4c.com\/index.php\/wp-json\/wp\/v2\/pages\/64\/revisions"}],"predecessor-version":[{"id":947,"href":"https:\/\/xn--cibeleyacydanascircularessagradas-p4c.com\/index.php\/wp-json\/wp\/v2\/pages\/64\/revisions\/947"}],"wp:attachment":[{"href":"https:\/\/xn--cibeleyacydanascircularessagradas-p4c.com\/index.php\/wp-json\/wp\/v2\/media?parent=64"}],"curies":[{"name":"wp","href":"https:\/\/api.w.org\/{rel}","templated":true}]}}